{"id":745,"date":"2016-03-10T18:51:46","date_gmt":"2016-03-10T18:51:46","guid":{"rendered":"https:\/\/default.houzez.co\/?page_id=745"},"modified":"2022-08-31T12:29:43","modified_gmt":"2022-08-31T18:29:43","slug":"terms-and-conditions","status":"publish","type":"page","link":"https:\/\/oficinascr.com\/es\/terms-and-conditions\/","title":{"rendered":"T\u00e9rminos y Condiciones"},"content":{"rendered":"<div data-elementor-type=\"wp-page\" data-elementor-id=\"745\" class=\"elementor elementor-745\" data-elementor-post-type=\"page\">\n\t\t\t\t\t\t<section class=\"elementor-section elementor-top-section elementor-element elementor-element-28fd411d elementor-section-boxed elementor-section-height-default elementor-section-height-default\" data-id=\"28fd411d\" data-element_type=\"section\">\n\t\t\t\t\t\t<div class=\"elementor-container elementor-column-gap-default\">\n\t\t\t\t\t<div class=\"elementor-column elementor-col-100 elementor-top-column elementor-element elementor-element-4bfe616b\" data-id=\"4bfe616b\" data-element_type=\"column\">\n\t\t\t<div class=\"elementor-widget-wrap elementor-element-populated\">\n\t\t\t\t\t\t<div class=\"elementor-element elementor-element-0eb0bb8 elementor-widget elementor-widget-text-editor\" data-id=\"0eb0bb8\" data-element_type=\"widget\" data-widget_type=\"text-editor.default\">\n\t\t\t\t<div class=\"elementor-widget-container\">\n\t\t\t\t\t\t\t\t\t<p>El contenido de las p\u00e1ginas de este sitio web es solo para su informaci\u00f3n general y uso; y el mismo est\u00e1 sujeto a cambio sin previo aviso.<\/p><p>Ni terceros ni nosotros damos ninguna garant\u00eda o seguridad sobre la exactitud, oportunidad, desempe\u00f1o, integridad o idoneidad de la informaci\u00f3n y los materiales encontrados u ofrecidos en este sitio web para cualquier fin particular. Usted reconoce que dicha informaci\u00f3n y materiales podr\u00e1n contener imprecisiones o errores; descartamos la responsabilidad por cualquiera de tales imprecisiones o errores, y excluimos toda responsabilidad por tales imprecisiones o errores en la m\u00e1xima medida permitida por la ley.<\/p><p>Usted hace uso de cualquier informaci\u00f3n o materiales contenidos en este sitio web a su proprio riesgo, del que no nos haremos responsables. Le corresponder\u00e1 a usted la responsabilidad de asegurar que cualesquiera productos, servicios o informaci\u00f3n disponible mediante este sitio web cumplan con sus requerimientos espec\u00edficos.<\/p><p>Este sitio web contiene materiales que son de nuestra propiedad o cuya licencia de uso nos ha sido conferida. Dichos materiales incluyen, sin limitaci\u00f3n, el dise\u00f1o, disposici\u00f3n, imagen, apariencia y gr\u00e1ficos. Queda prohibida cualquier reproducci\u00f3n que no sea de conformidad con el aviso de derechos de autor, el cual forma parte de estos t\u00e9rminos y condiciones.<\/p><p>Todas las marcas de comercio reproducidas en este sitio web, que no sean propiedad del operador o cuya licencia de uso le haya sido conferida a este, quedan reconocidas en este sitio web.<\/p><p>El uso no autorizado de este sitio web podr\u00e1 causar la interposici\u00f3n de demandas por da\u00f1os y perjuicios y\/o delito penal.<\/p><p>Ocasionalmente, este sitio web tambi\u00e9n podr\u00e1 incluir v\u00ednculos a otros sitios web. Estos se incluyen para su conveniencia con el fin de brindarle m\u00e1s informaci\u00f3n. No significa que avalamos tal(es) sitio(s) web. No mantenemos ninguna responsabilidad sobre el contenido del (los) sitio(s) web vinculado(s).<\/p><p>Su uso de este sitio web y cualquier disputa que se derive de tal uso est\u00e1n sujetos a las leyes de Irlanda, y usted acepta que los tribunales de Irlanda tendr\u00e1n jurisdicci\u00f3n exclusiva en cualquier disputa.<\/p>\t\t\t\t\t\t\t\t<\/div>\n\t\t\t\t<\/div>\n\t\t\t\t\t<\/div>\n\t\t<\/div>\n\t\t\t\t\t<\/div>\n\t\t<\/section>\n\t\t\t\t<\/div>","protected":false},"excerpt":{"rendered":"<p>The content of the pages of this website is for your general information and use only; and it is subject to change without prior notice. Neither we nor third parties make any warranties or guarantees about the accuracy, timeliness, performance, completeness, or suitability of the information and materials found or offered on this website for [&hellip;]<\/p>","protected":false},"author":1,"featured_media":0,"parent":0,"menu_order":0,"comment_status":"closed","ping_status":"closed","template":"","meta":{"_monsterinsights_skip_tracking":false,"_monsterinsights_sitenote_active":false,"_monsterinsights_sitenote_note":"","_monsterinsights_sitenote_category":0,"footnotes":""},"class_list":["post-745","page","type-page","status-publish","hentry"],"aioseo_notices":[],"_links":{"self":[{"href":"https:\/\/oficinascr.com\/es\/wp-json\/wp\/v2\/pages\/745","targetHints":{"allow":["GET"]}}],"collection":[{"href":"https:\/\/oficinascr.com\/es\/wp-json\/wp\/v2\/pages"}],"about":[{"href":"https:\/\/oficinascr.com\/es\/wp-json\/wp\/v2\/types\/page"}],"author":[{"embeddable":true,"href":"https:\/\/oficinascr.com\/es\/wp-json\/wp\/v2\/users\/1"}],"replies":[{"embeddable":true,"href":"https:\/\/oficinascr.com\/es\/wp-json\/wp\/v2\/comments?post=745"}],"version-history":[{"count":7,"href":"https:\/\/oficinascr.com\/es\/wp-json\/wp\/v2\/pages\/745\/revisions"}],"predecessor-version":[{"id":18328,"href":"https:\/\/oficinascr.com\/es\/wp-json\/wp\/v2\/pages\/745\/revisions\/18328"}],"wp:attachment":[{"href":"https:\/\/oficinascr.com\/es\/wp-json\/wp\/v2\/media?parent=745"}],"curies":[{"name":"wp","href":"https:\/\/api.w.org\/{rel}","templated":true}]}}