{"id":16650,"date":"2020-02-24T22:15:15","date_gmt":"2020-02-24T22:15:15","guid":{"rendered":"https:\/\/demo03.houzez.co\/?page_id=16650"},"modified":"2022-07-28T22:01:37","modified_gmt":"2022-07-28T22:01:37","slug":"about","status":"publish","type":"page","link":"https:\/\/oficinascr.com\/es\/about\/","title":{"rendered":"About"},"content":{"rendered":"<div data-elementor-type=\"wp-page\" data-elementor-id=\"16650\" class=\"elementor elementor-16650\" data-elementor-post-type=\"page\">\n\t\t\t\t\t\t<section class=\"elementor-section elementor-top-section elementor-element elementor-element-5b81e21 elementor-section-height-min-height animated-slow elementor-section-boxed elementor-section-height-default elementor-section-items-middle elementor-invisible\" data-id=\"5b81e21\" data-element_type=\"section\" data-settings=\"{&quot;background_background&quot;:&quot;classic&quot;,&quot;animation&quot;:&quot;fadeIn&quot;}\">\n\t\t\t\t\t\t\t<div class=\"elementor-background-overlay\"><\/div>\n\t\t\t\t\t\t\t<div class=\"elementor-container elementor-column-gap-default\">\n\t\t\t\t\t<div class=\"elementor-column elementor-col-100 elementor-top-column elementor-element elementor-element-ad367f8\" data-id=\"ad367f8\" data-element_type=\"column\">\n\t\t\t<div class=\"elementor-widget-wrap elementor-element-populated\">\n\t\t\t\t\t\t<div class=\"elementor-element elementor-element-0e7939f elementor-widget elementor-widget-heading\" data-id=\"0e7939f\" data-element_type=\"widget\" data-widget_type=\"heading.default\">\n\t\t\t\t<div class=\"elementor-widget-container\">\n\t\t\t\t\t<h1 class=\"elementor-heading-title elementor-size-default\">Sobre Nosotros<\/h1>\t\t\t\t<\/div>\n\t\t\t\t<\/div>\n\t\t\t\t\t<\/div>\n\t\t<\/div>\n\t\t\t\t\t<\/div>\n\t\t<\/section>\n\t\t\t\t<section class=\"elementor-section elementor-top-section elementor-element elementor-element-09038dc elementor-section-boxed elementor-section-height-default elementor-section-height-default\" data-id=\"09038dc\" data-element_type=\"section\" data-settings=\"{&quot;background_background&quot;:&quot;classic&quot;}\">\n\t\t\t\t\t\t<div class=\"elementor-container elementor-column-gap-default\">\n\t\t\t\t\t<div class=\"elementor-column elementor-col-100 elementor-top-column elementor-element elementor-element-c8278ac\" data-id=\"c8278ac\" data-element_type=\"column\">\n\t\t\t<div class=\"elementor-widget-wrap elementor-element-populated\">\n\t\t\t\t\t\t<div class=\"elementor-element elementor-element-3271868 elementor-widget elementor-widget-spacer\" data-id=\"3271868\" data-element_type=\"widget\" data-widget_type=\"spacer.default\">\n\t\t\t\t<div class=\"elementor-widget-container\">\n\t\t\t\t\t\t\t<div class=\"elementor-spacer\">\n\t\t\t<div class=\"elementor-spacer-inner\"><\/div>\n\t\t<\/div>\n\t\t\t\t\t\t<\/div>\n\t\t\t\t<\/div>\n\t\t\t\t<div class=\"elementor-element elementor-element-e7372b6 animated-slow elementor-invisible elementor-widget elementor-widget-houzez_elementor_section_title\" data-id=\"e7372b6\" data-element_type=\"widget\" data-settings=\"{&quot;_animation&quot;:&quot;fadeIn&quot;}\" data-widget_type=\"houzez_elementor_section_title.default\">\n\t\t\t\t<div class=\"elementor-widget-container\">\n\t\t\t\t\t            <div class=\"houzez_section_title_wrap section-title-module\">\n                                    <h2 class=\"houzez_section_title\">\u00bfPor qu\u00e9 trabajar con un profesional de bienes ra\u00edces?\n<\/h2>\n                \n                            <\/div>\n            \t\t\t\t<\/div>\n\t\t\t\t<\/div>\n\t\t\t\t<div class=\"elementor-element elementor-element-69fe9b8 elementor-widget elementor-widget-text-editor\" data-id=\"69fe9b8\" data-element_type=\"widget\" data-widget_type=\"text-editor.default\">\n\t\t\t\t<div class=\"elementor-widget-container\">\n\t\t\t\t\t\t\t\t\t<h2>Valoraci\u00f3n Profesional<\/h2><p>Analizar los puntos clave para evaluar la ocupaci\u00f3n de su espacio de trabajo es un proceso de m\u00faltiples variables con altos criterios t\u00e9cnicos. Le ofrecemos una valoraci\u00f3n profesional que le permita generar una estratagia de ocupaci\u00f3n a la medida, la cual logre una reducci\u00f3n de costos y una verdadera optimizaci\u00f3n de su espacio.<\/p><h2>estudio de mercado<\/h2><p>Negociar contratos y condiciones(precio) de arrendamiento implica contar con informaci\u00f3n vigente de mercado: precios de cierre, disponibilidades, nuevo inventario, etc. Contamos con un departamento de estudios de mercado el cual por medio de la recolecci\u00f3n, an\u00e1lisis y valoraci\u00f3n de la informaci\u00f3n especifica para su negocio, le ayudar\u00e1 a lograr las mejores condiciones en sus contratos.<\/p><h2>Valor Agregado<\/h2><p>Nuestro servicio de representaci\u00f3n de inquilinos al ser personalizado y a la medida de cada proyecto, da como resultados ahorros financieros significativos, adem\u00e1s como valor agregado no representa un costo para nuestros clientes.<\/p><h2>amplio portafolio<\/h2><p>Tenemos un amplio portafolio y casos de \u00e9xito con clientes corporativos a lo largo de la regi\u00f3n centroamericana, esto nos brinda la capacidad de generar casos de negocio con los m\u00e1s altos estandares.<\/p><h2>Estrategias de Ocupaci\u00f3n<\/h2><p>We execute each phase of a tenant&#8217;s occupation strategy, from the analysis of buying and\/or renting, to the inspection of the final delivered space.<\/p>\t\t\t\t\t\t\t\t<\/div>\n\t\t\t\t<\/div>\n\t\t\t\t<div class=\"elementor-element elementor-element-89a95a6 elementor-widget elementor-widget-spacer\" data-id=\"89a95a6\" data-element_type=\"widget\" data-widget_type=\"spacer.default\">\n\t\t\t\t<div class=\"elementor-widget-container\">\n\t\t\t\t\t\t\t<div class=\"elementor-spacer\">\n\t\t\t<div class=\"elementor-spacer-inner\"><\/div>\n\t\t<\/div>\n\t\t\t\t\t\t<\/div>\n\t\t\t\t<\/div>\n\t\t\t\t\t<\/div>\n\t\t<\/div>\n\t\t\t\t\t<\/div>\n\t\t<\/section>\n\t\t\t\t<\/div>","protected":false},"excerpt":{"rendered":"<p>About Us Why Work with a Real Estate Professional Professional Assessment The analysis of a company\u00b4s real estate requirements is a process of multiple variables with high technical criteria. We offer you a professional assessment that allows you to generate a tailored occupancy strategy, which achieves cost reduction and a true optimization of your workspace. [&hellip;]<\/p>","protected":false},"author":1,"featured_media":0,"parent":0,"menu_order":0,"comment_status":"closed","ping_status":"closed","template":"template\/template-homepage.php","meta":{"_monsterinsights_skip_tracking":false,"_monsterinsights_sitenote_active":false,"_monsterinsights_sitenote_note":"","_monsterinsights_sitenote_category":0,"footnotes":""},"class_list":["post-16650","page","type-page","status-publish","hentry"],"aioseo_notices":[],"_links":{"self":[{"href":"https:\/\/oficinascr.com\/es\/wp-json\/wp\/v2\/pages\/16650","targetHints":{"allow":["GET"]}}],"collection":[{"href":"https:\/\/oficinascr.com\/es\/wp-json\/wp\/v2\/pages"}],"about":[{"href":"https:\/\/oficinascr.com\/es\/wp-json\/wp\/v2\/types\/page"}],"author":[{"embeddable":true,"href":"https:\/\/oficinascr.com\/es\/wp-json\/wp\/v2\/users\/1"}],"replies":[{"embeddable":true,"href":"https:\/\/oficinascr.com\/es\/wp-json\/wp\/v2\/comments?post=16650"}],"version-history":[{"count":19,"href":"https:\/\/oficinascr.com\/es\/wp-json\/wp\/v2\/pages\/16650\/revisions"}],"predecessor-version":[{"id":18236,"href":"https:\/\/oficinascr.com\/es\/wp-json\/wp\/v2\/pages\/16650\/revisions\/18236"}],"wp:attachment":[{"href":"https:\/\/oficinascr.com\/es\/wp-json\/wp\/v2\/media?parent=16650"}],"curies":[{"name":"wp","href":"https:\/\/api.w.org\/{rel}","templated":true}]}}